{"id":413,"date":"2023-01-02T16:04:14","date_gmt":"2023-01-02T16:04:14","guid":{"rendered":"https:\/\/www.haymerle.at\/contact\/"},"modified":"2025-02-20T08:42:42","modified_gmt":"2025-02-20T08:42:42","slug":"contact","status":"publish","type":"page","link":"https:\/\/www.haymerle.at\/en\/contact\/","title":{"rendered":"Contact"},"content":{"rendered":"\t\t<div data-elementor-type=\"wp-page\" data-elementor-id=\"413\" class=\"elementor elementor-413 elementor-17\" data-elementor-post-type=\"page\">\n\t\t\t\t\t\t\t\t\t<section class=\"elementor-section elementor-top-section elementor-element elementor-element-b610bed elementor-section-full_width elementor-reverse-mobile elementor-section-height-default elementor-section-height-default\" data-id=\"b610bed\" data-element_type=\"section\">\n\t\t\t\t\t\t<div class=\"elementor-container elementor-column-gap-no\">\n\t\t\t\t\t<div class=\"elementor-column elementor-col-50 elementor-top-column elementor-element elementor-element-cc2735b\" data-id=\"cc2735b\" data-element_type=\"column\" data-settings=\"{&quot;background_background&quot;:&quot;classic&quot;}\">\n\t\t\t<div class=\"elementor-widget-wrap elementor-element-populated\">\n\t\t\t\t\t\t\t\t<div class=\"elementor-element elementor-element-8a7b559 elementor-widget elementor-widget-google_maps\" data-id=\"8a7b559\" data-element_type=\"widget\" data-widget_type=\"google_maps.default\">\n\t\t\t\t<div class=\"elementor-widget-container\">\n\t\t\t<style>\/*! elementor - v3.14.0 - 26-06-2023 *\/\n.elementor-widget-google_maps .elementor-widget-container{overflow:hidden}.elementor-widget-google_maps .elementor-custom-embed{line-height:0}.elementor-widget-google_maps iframe{height:300px}<\/style>\t\t<div class=\"elementor-custom-embed\">\n\t\t\t<iframe loading=\"lazy\"\n\t\t\t\t\tsrc=\"https:\/\/maps.google.com\/maps?q=friedrich%20haymerle&#038;t=m&#038;z=13&#038;output=embed&#038;iwloc=near\"\n\t\t\t\t\ttitle=\"friedrich haymerle\"\n\t\t\t\t\taria-label=\"friedrich haymerle\"\n\t\t\t><\/iframe>\n\t\t<\/div>\n\t\t\t\t<\/div>\n\t\t\t\t<\/div>\n\t\t\t\t\t<\/div>\n\t\t<\/div>\n\t\t\t\t<div class=\"elementor-column elementor-col-50 elementor-top-column elementor-element elementor-element-59a0ecd\" data-id=\"59a0ecd\" data-element_type=\"column\" data-settings=\"{&quot;background_background&quot;:&quot;classic&quot;}\">\n\t\t\t<div class=\"elementor-widget-wrap elementor-element-populated\">\n\t\t\t\t\t\t\t\t<div class=\"elementor-element elementor-element-bd378a3 elementor-widget elementor-widget-heading\" data-id=\"bd378a3\" data-element_type=\"widget\" data-widget_type=\"heading.default\">\n\t\t\t\t<div class=\"elementor-widget-container\">\n\t\t\t<style>\/*! elementor - v3.14.0 - 26-06-2023 *\/\n.elementor-heading-title{padding:0;margin:0;line-height:1}.elementor-widget-heading .elementor-heading-title[class*=elementor-size-]>a{color:inherit;font-size:inherit;line-height:inherit}.elementor-widget-heading .elementor-heading-title.elementor-size-small{font-size:15px}.elementor-widget-heading .elementor-heading-title.elementor-size-medium{font-size:19px}.elementor-widget-heading .elementor-heading-title.elementor-size-large{font-size:29px}.elementor-widget-heading .elementor-heading-title.elementor-size-xl{font-size:39px}.elementor-widget-heading .elementor-heading-title.elementor-size-xxl{font-size:59px}<\/style><h1 class=\"elementor-heading-title elementor-size-default\">Contact<\/h1>\t\t<\/div>\n\t\t\t\t<\/div>\n\t\t\t\t<div class=\"elementor-element elementor-element-45d215d elementor-widget elementor-widget-text-editor\" data-id=\"45d215d\" data-element_type=\"widget\" data-widget_type=\"text-editor.default\">\n\t\t\t\t<div class=\"elementor-widget-container\">\n\t\t\t<style>\/*! elementor - v3.14.0 - 26-06-2023 *\/\n.elementor-widget-text-editor.elementor-drop-cap-view-stacked .elementor-drop-cap{background-color:#69727d;color:#fff}.elementor-widget-text-editor.elementor-drop-cap-view-framed .elementor-drop-cap{color:#69727d;border:3px solid;background-color:transparent}.elementor-widget-text-editor:not(.elementor-drop-cap-view-default) .elementor-drop-cap{margin-top:8px}.elementor-widget-text-editor:not(.elementor-drop-cap-view-default) .elementor-drop-cap-letter{width:1em;height:1em}.elementor-widget-text-editor .elementor-drop-cap{float:left;text-align:center;line-height:1;font-size:50px}.elementor-widget-text-editor .elementor-drop-cap-letter{display:inline-block}<\/style>\t\t\t\t<p>Grillparzerstra\u00dfe 14<br \/>1010 Vienna<\/p><p>T: +43 1 535 12 12<br \/>F: +43 1 535 12 14<br \/><a href=\"mailto:kanzlei@haymerle.at\">kanzlei@haymerle.at<\/a><\/p><p><a href=\"https:\/\/www.haymerle.at\/wp-content\/uploads\/2024\/03\/mag-friedrich-haymerle-gtc-2024.pdf\" target=\"_blank\" rel=\"noopener\">Terms and Conditions<\/a><\/p><p><a href=\"https:\/\/www.haymerle.at\/wp-content\/uploads\/2024\/03\/mag-friedrich-haymerle-datenschutz-2024.pdf\" target=\"_blank\" rel=\"noopener\">Privacy Policy<\/a><\/p>\t\t\t\t\t\t<\/div>\n\t\t\t\t<\/div>\n\t\t\t\t<div class=\"elementor-element elementor-element-a754b0e elementor-widget elementor-widget-toggle\" data-id=\"a754b0e\" data-element_type=\"widget\" data-widget_type=\"toggle.default\">\n\t\t\t\t<div class=\"elementor-widget-container\">\n\t\t\t<style>.elementor-toggle{text-align:left}.elementor-toggle .elementor-tab-title{font-weight:700;line-height:1;margin:0;padding:15px;border-bottom:1px solid #d5d8dc;cursor:pointer;outline:none}.elementor-toggle .elementor-tab-title .elementor-toggle-icon{display:inline-block;width:1em}.elementor-toggle .elementor-tab-title .elementor-toggle-icon svg{-webkit-margin-start:-5px;margin-inline-start:-5px;width:1em;height:1em}.elementor-toggle .elementor-tab-title .elementor-toggle-icon.elementor-toggle-icon-right{float:right;text-align:right}.elementor-toggle .elementor-tab-title .elementor-toggle-icon.elementor-toggle-icon-left{float:left;text-align:left}.elementor-toggle .elementor-tab-title .elementor-toggle-icon .elementor-toggle-icon-closed{display:block}.elementor-toggle .elementor-tab-title .elementor-toggle-icon .elementor-toggle-icon-opened{display:none}.elementor-toggle .elementor-tab-title.elementor-active{border-bottom:none}.elementor-toggle .elementor-tab-title.elementor-active .elementor-toggle-icon-closed{display:none}.elementor-toggle .elementor-tab-title.elementor-active .elementor-toggle-icon-opened{display:block}.elementor-toggle .elementor-tab-content{padding:15px;border-bottom:1px solid #d5d8dc;display:none}@media (max-width:767px){.elementor-toggle .elementor-tab-title{padding:12px}.elementor-toggle .elementor-tab-content{padding:12px 10px}}.e-con-inner>.elementor-widget-toggle,.e-con>.elementor-widget-toggle{width:var(--container-widget-width);--flex-grow:var(--container-widget-flex-grow)}<\/style>\t\t<div class=\"elementor-toggle\">\n\t\t\t\t\t\t\t<div class=\"elementor-toggle-item\">\n\t\t\t\t\t<div id=\"elementor-tab-title-1751\" class=\"elementor-tab-title\" data-tab=\"1\" role=\"button\" aria-controls=\"elementor-tab-content-1751\" aria-expanded=\"false\">\n\t\t\t\t\t\t\t\t\t\t\t\t<a class=\"elementor-toggle-title\" tabindex=\"0\">Legal notice<\/a>\n\t\t\t\t\t<\/div>\n\n\t\t\t\t\t<div id=\"elementor-tab-content-1751\" class=\"elementor-tab-content elementor-clearfix\" data-tab=\"1\" role=\"region\" aria-labelledby=\"elementor-tab-title-1751\"><p><img loading=\"lazy\" decoding=\"async\" class=\"alignnone size-medium wp-image-301\" src=\"https:\/\/www.haymerle.at\/wp-content\/uploads\/2023\/01\/haymerle_logo_grey-300x36.png\" alt=\"\" width=\"300\" height=\"36\" srcset=\"https:\/\/www.haymerle.at\/wp-content\/uploads\/2023\/01\/haymerle_logo_grey-300x36.png 300w, https:\/\/www.haymerle.at\/wp-content\/uploads\/2023\/01\/haymerle_logo_grey-1024x123.png 1024w, https:\/\/www.haymerle.at\/wp-content\/uploads\/2023\/01\/haymerle_logo_grey-768x92.png 768w, https:\/\/www.haymerle.at\/wp-content\/uploads\/2023\/01\/haymerle_logo_grey.png 1211w\" sizes=\"auto, (max-width: 300px) 100vw, 300px\" \/><\/p>\n<p>Grillparzerstra\u00dfe 14<br \/>1010 Vienna<\/p>\n<p>T: +43 1 535 12 12<br \/>F: +43 1 535 12 14<br \/><a href=\"mailto:kanzlei@haymerle.at\">kanzlei@haymerle.at<\/a><\/p>\n<p>R-Code R113921<br \/>DVR 4012506<br \/>UID ATU 68742827<\/p>\n<p>Zust\u00e4ndige Kammer: Rechtsanwaltskammer Wien<\/p>\n<p>Angaben nach \u00a7 25 Abs 2 Mediengesetz:<br \/>Gegenstand des Unternehmens ist die Aus\u00fcbung der Rechtsanwaltschaft, einschlie\u00dflich der erforderlichen Hilfst\u00e4tigkeiten und s\u00e4mtliche Gesch\u00e4fte und Ma\u00dfnahmen, die zur Erreichung des Gesellschaftszweckes notwendig oder n\u00fctzlich erscheinen.<\/p>\n<p>Offenlegung nach \u00a7 25 Abs 4 Mediengesetz:<br \/>Diese Website ist Kommunikationsmedien und richten sich an Klienten sowie sonstige an Rechtsfragen interessierte Personen. Themen sind die Pr\u00e4sentation von Mag. Friedrich Haymerle, Rechtsanwalt \/ Barrister.<\/p>\n<p><strong>Disclaimer<\/strong><br \/>Die Informationen auf dieser Website werden nur zum Zweck allgemeiner Information bereitgestellt und stellen weder eine Rechtsberatung dar noch gelten sie als Einladung zur Online-Rechtsberatung. Wir \u00fcbernehmen keine Gew\u00e4hr f\u00fcr die Aktualit\u00e4t, Richtigkeit, Gesetzm\u00e4\u00dfigkeit und Vollst\u00e4ndigkeit der auf dieser Website enthaltenen Informationen.<\/p>\n<p>Wir stellen mitunter Hyperlinks auf eine andere Webseite zur Verf\u00fcgung. Wir \u00fcbernehmen keine Verantwortung f\u00fcr die Inhalte fremder Webseiten, vor allem nicht f\u00fcr deren Richtigkeit, Vollst\u00e4ndigkeit, Aktualit\u00e4t oder Gesetzm\u00e4\u00dfigkeit.<\/p>\n<p>Wir \u00fcbernehmen keine Haftung f\u00fcr Sch\u00e4den einschlie\u00dflich Folgesch\u00e4den, die sich aus dem Zugang oder der Verwendung dieser Webseite ergeben. Dies umfasst auch den Ausschluss der Haftung im Zusammenhang mit Computerviren oder der Verwendung von Informationen, die diese Website beinhaltet.<\/p>\n<p>Mag. Friedrich Haymerle \u00a9 2023<\/p>\n<\/div>\n\t\t\t\t<\/div>\n\t\t\t\t\t\t\t\t<\/div>\n\t\t\t\t<\/div>\n\t\t\t\t<\/div>\n\t\t\t\t\t<\/div>\n\t\t<\/div>\n\t\t\t\t\t\t\t<\/div>\n\t\t<\/section>\n\t\t\t\t\t\t\t<\/div>\n\t\t","protected":false},"excerpt":{"rendered":"<p>Contact Grillparzerstra\u00dfe 141010 Vienna T: +43 1 535 12 12F: +43 1 535 12 14kanzlei@haymerle.at Terms and Conditions Privacy Policy Legal notice Grillparzerstra\u00dfe 141010 Vienna T: +43 1 535 12 12F: +43 1 535 12 14kanzlei@haymerle.at R-Code R113921DVR 4012506UID ATU 68742827 Zust\u00e4ndige Kammer: Rechtsanwaltskammer Wien Angaben nach \u00a7 25 Abs 2 Mediengesetz:Gegenstand des Unternehmens ist [&hellip;]<\/p>\n","protected":false},"author":1,"featured_media":0,"parent":0,"menu_order":0,"comment_status":"closed","ping_status":"closed","template":"","meta":{"footnotes":""},"class_list":["post-413","page","type-page","status-publish","hentry"],"_links":{"self":[{"href":"https:\/\/www.haymerle.at\/en\/wp-json\/wp\/v2\/pages\/413","targetHints":{"allow":["GET"]}}],"collection":[{"href":"https:\/\/www.haymerle.at\/en\/wp-json\/wp\/v2\/pages"}],"about":[{"href":"https:\/\/www.haymerle.at\/en\/wp-json\/wp\/v2\/types\/page"}],"author":[{"embeddable":true,"href":"https:\/\/www.haymerle.at\/en\/wp-json\/wp\/v2\/users\/1"}],"replies":[{"embeddable":true,"href":"https:\/\/www.haymerle.at\/en\/wp-json\/wp\/v2\/comments?post=413"}],"version-history":[{"count":30,"href":"https:\/\/www.haymerle.at\/en\/wp-json\/wp\/v2\/pages\/413\/revisions"}],"predecessor-version":[{"id":974,"href":"https:\/\/www.haymerle.at\/en\/wp-json\/wp\/v2\/pages\/413\/revisions\/974"}],"wp:attachment":[{"href":"https:\/\/www.haymerle.at\/en\/wp-json\/wp\/v2\/media?parent=413"}],"curies":[{"name":"wp","href":"https:\/\/api.w.org\/{rel}","templated":true}]}}